{"id":1548,"date":"2024-11-17T08:40:32","date_gmt":"2024-11-17T07:40:32","guid":{"rendered":"https:\/\/cars-olivier.com\/history\/"},"modified":"2025-01-22T09:26:03","modified_gmt":"2025-01-22T08:26:03","slug":"history","status":"publish","type":"page","link":"https:\/\/cars-olivier.com\/en\/history\/","title":{"rendered":"History"},"content":{"rendered":"\t\t<div data-elementor-type=\"wp-page\" data-elementor-id=\"1548\" class=\"elementor elementor-1548 elementor-65\" data-elementor-post-type=\"page\">\n\t\t\t\t<div class=\"elementor-element elementor-element-3c5e1f4 e-flex e-con-boxed e-con e-parent\" data-id=\"3c5e1f4\" data-element_type=\"container\" data-e-type=\"container\">\n\t\t\t\t\t<div class=\"e-con-inner\">\n\t\t<div class=\"elementor-element elementor-element-24bfe70 e-flex e-con-boxed e-con e-child\" data-id=\"24bfe70\" data-element_type=\"container\" data-e-type=\"container\">\n\t\t\t\t\t<div class=\"e-con-inner\">\n\t\t\t\t<div class=\"elementor-element elementor-element-a676537 elementor-widget elementor-widget-image\" data-id=\"a676537\" data-element_type=\"widget\" data-e-type=\"widget\" data-widget_type=\"image.default\">\n\t\t\t\t<div class=\"elementor-widget-container\">\n\t\t\t\t\t\t\t\t\t\t\t\t\t\t\t<img fetchpriority=\"high\" decoding=\"async\" width=\"658\" height=\"454\" src=\"https:\/\/cars-olivier.com\/wp-content\/uploads\/2024\/11\/landing-page-gistoire.webp\" class=\"attachment-large size-large wp-image-1346\" alt=\"\" srcset=\"https:\/\/cars-olivier.com\/wp-content\/uploads\/2024\/11\/landing-page-gistoire.webp 658w, https:\/\/cars-olivier.com\/wp-content\/uploads\/2024\/11\/landing-page-gistoire-300x207.webp 300w\" sizes=\"(max-width: 658px) 100vw, 658px\" \/>\t\t\t\t\t\t\t\t\t\t\t\t\t\t\t<\/div>\n\t\t\t\t<\/div>\n\t\t\t\t\t<\/div>\n\t\t\t\t<\/div>\n\t\t<div class=\"elementor-element elementor-element-d57afca e-con-full e-flex e-con e-child\" data-id=\"d57afca\" data-element_type=\"container\" data-e-type=\"container\">\n\t\t\t\t<div class=\"elementor-element elementor-element-cf70ff7 elementor-widget elementor-widget-heading\" data-id=\"cf70ff7\" data-element_type=\"widget\" data-e-type=\"widget\" data-widget_type=\"heading.default\">\n\t\t\t\t<div class=\"elementor-widget-container\">\n\t\t\t\t\t<h1 class=\"elementor-heading-title elementor-size-default\">A century of passion\nand know-how<\/h1>\t\t\t\t<\/div>\n\t\t\t\t<\/div>\n\t\t\t\t<div class=\"elementor-element elementor-element-f7d049d elementor-widget__width-initial elementor-widget elementor-widget-text-editor\" data-id=\"f7d049d\" data-element_type=\"widget\" data-e-type=\"widget\" data-widget_type=\"text-editor.default\">\n\t\t\t\t<div class=\"elementor-widget-container\">\n\t\t\t\t\t\t\t\t\t<p>Since 1925, Cars Olivier has embodied the history of a family business that has evolved with the times while remaining true to its original values. From the first regular Mons\u00e9gur-Verdelais-Bordeaux service, to school transport and tourist trips, we have adapted to the needs of our customers through the ages. Discover our history, marked by innovation, commitment and love of our profession, which today makes Les Cars Olivier a key player in the transport sector in France and Europe.<\/p>\n\t\t\t\t\t\t\t\t<\/div>\n\t\t\t\t<\/div>\n\t\t\t\t<\/div>\n\t\t\t\t\t<\/div>\n\t\t\t\t<\/div>\n\t\t<div class=\"elementor-element elementor-element-7fadcb3 e-flex e-con-boxed e-con e-parent\" data-id=\"7fadcb3\" data-element_type=\"container\" data-e-type=\"container\">\n\t\t\t\t\t<div class=\"e-con-inner\">\n\t\t<div class=\"elementor-element elementor-element-65c7267 e-con-full e-flex e-con e-child\" data-id=\"65c7267\" data-element_type=\"container\" data-e-type=\"container\">\n\t\t\t\t<div class=\"elementor-element elementor-element-b7360b5 elementor-widget elementor-widget-heading\" data-id=\"b7360b5\" data-element_type=\"widget\" data-e-type=\"widget\" data-widget_type=\"heading.default\">\n\t\t\t\t<div class=\"elementor-widget-container\">\n\t\t\t\t\t<h2 class=\"elementor-heading-title elementor-size-default\">A bold vision<\/h2>\t\t\t\t<\/div>\n\t\t\t\t<\/div>\n\t\t\t\t<div class=\"elementor-element elementor-element-9d94269 elementor-widget elementor-widget-heading\" data-id=\"9d94269\" data-element_type=\"widget\" data-e-type=\"widget\" data-widget_type=\"heading.default\">\n\t\t\t\t<div class=\"elementor-widget-container\">\n\t\t\t\t\t<p class=\"elementor-heading-title elementor-size-default\">The creation of Les Cars Olivier\n<\/p>\t\t\t\t<\/div>\n\t\t\t\t<\/div>\n\t\t\t\t<div class=\"elementor-element elementor-element-b45f593 elementor-widget elementor-widget-text-editor\" data-id=\"b45f593\" data-element_type=\"widget\" data-e-type=\"widget\" data-widget_type=\"text-editor.default\">\n\t\t\t\t<div class=\"elementor-widget-container\">\n\t\t\t\t\t\t\t\t\t<p>Founded in 1925 by \u00c9mile Labayle, the company started out as &#8220;Les Autobus de Labayle&#8221;, with a regular service linking Mons\u00e9gur, Verdelais and Bordeaux. \u00c9mile, accompanied by his daughter and son-in-law Marc Olivier, established himself as one of Bordeaux&#8217;s leading coach operators. The starting point of this line was in the heart of Gironde&#8217;s capital, on the Place de la Bourse. During the Second World War, a gas-powered coach provided the service, demonstrating the resilience of the company, which is still in business today!<\/p>\n\t\t\t\t\t\t\t\t<\/div>\n\t\t\t\t<\/div>\n\t\t\t\t<\/div>\n\t\t<div class=\"elementor-element elementor-element-cf3499c e-con-full e-flex e-con e-child\" data-id=\"cf3499c\" data-element_type=\"container\" data-e-type=\"container\">\n\t\t\t\t<div class=\"elementor-element elementor-element-0eb6a0e elementor-widget elementor-widget-image\" data-id=\"0eb6a0e\" data-element_type=\"widget\" data-e-type=\"widget\" data-widget_type=\"image.default\">\n\t\t\t\t<div class=\"elementor-widget-container\">\n\t\t\t\t\t\t\t\t\t\t\t\t\t\t\t<img decoding=\"async\" width=\"650\" height=\"418\" src=\"https:\/\/cars-olivier.com\/wp-content\/uploads\/2024\/11\/audacieux.webp\" class=\"attachment-large size-large wp-image-1334\" alt=\"\" srcset=\"https:\/\/cars-olivier.com\/wp-content\/uploads\/2024\/11\/audacieux.webp 650w, https:\/\/cars-olivier.com\/wp-content\/uploads\/2024\/11\/audacieux-300x193.webp 300w\" sizes=\"(max-width: 650px) 100vw, 650px\" \/>\t\t\t\t\t\t\t\t\t\t\t\t\t\t\t<\/div>\n\t\t\t\t<\/div>\n\t\t\t\t<\/div>\n\t\t\t\t\t<\/div>\n\t\t\t\t<\/div>\n\t\t<div class=\"elementor-element elementor-element-b348414 e-flex e-con-boxed e-con e-parent\" data-id=\"b348414\" data-element_type=\"container\" data-e-type=\"container\">\n\t\t\t\t\t<div class=\"e-con-inner\">\n\t\t<div class=\"elementor-element elementor-element-cf9958f e-con-full e-flex e-con e-child\" data-id=\"cf9958f\" data-element_type=\"container\" data-e-type=\"container\">\n\t\t\t\t<div class=\"elementor-element elementor-element-ea2b407 elementor-widget elementor-widget-image\" data-id=\"ea2b407\" data-element_type=\"widget\" data-e-type=\"widget\" data-widget_type=\"image.default\">\n\t\t\t\t<div class=\"elementor-widget-container\">\n\t\t\t\t\t\t\t\t\t\t\t\t\t\t\t<img decoding=\"async\" width=\"650\" height=\"407\" src=\"https:\/\/cars-olivier.com\/wp-content\/uploads\/2024\/11\/evolution.webp\" class=\"attachment-large size-large wp-image-1338\" alt=\"\" srcset=\"https:\/\/cars-olivier.com\/wp-content\/uploads\/2024\/11\/evolution.webp 650w, https:\/\/cars-olivier.com\/wp-content\/uploads\/2024\/11\/evolution-300x188.webp 300w\" sizes=\"(max-width: 650px) 100vw, 650px\" \/>\t\t\t\t\t\t\t\t\t\t\t\t\t\t\t<\/div>\n\t\t\t\t<\/div>\n\t\t\t\t<\/div>\n\t\t<div class=\"elementor-element elementor-element-bbb8f9e e-con-full e-flex e-con e-child\" data-id=\"bbb8f9e\" data-element_type=\"container\" data-e-type=\"container\">\n\t\t\t\t<div class=\"elementor-element elementor-element-13cb9e3 elementor-widget elementor-widget-heading\" data-id=\"13cb9e3\" data-element_type=\"widget\" data-e-type=\"widget\" data-widget_type=\"heading.default\">\n\t\t\t\t<div class=\"elementor-widget-container\">\n\t\t\t\t\t<h2 class=\"elementor-heading-title elementor-size-default\">Evolution and growth<\/h2>\t\t\t\t<\/div>\n\t\t\t\t<\/div>\n\t\t\t\t<div class=\"elementor-element elementor-element-aa67780 elementor-widget elementor-widget-heading\" data-id=\"aa67780\" data-element_type=\"widget\" data-e-type=\"widget\" data-widget_type=\"heading.default\">\n\t\t\t\t<div class=\"elementor-widget-container\">\n\t\t\t\t\t<p class=\"elementor-heading-title elementor-size-default\">Moving to Bordeaux!\n<\/p>\t\t\t\t<\/div>\n\t\t\t\t<\/div>\n\t\t\t\t<div class=\"elementor-element elementor-element-1e2e8f4 elementor-widget elementor-widget-text-editor\" data-id=\"1e2e8f4\" data-element_type=\"widget\" data-e-type=\"widget\" data-widget_type=\"text-editor.default\">\n\t\t\t\t<div class=\"elementor-widget-container\">\n\t\t\t\t\t\t\t\t\t<p>In 1961, Marc Olivier took over the business and renamed it &#8220;Guyenne Autocars&#8221;, moving it to the Bordeaux suburb of Bruges. The business diversifies with employee transport for aeronautical plants such as Dassault, Sogerma and Thal\u00e8s, while also developing school transport. Marc&#8217;s son Jean-Luc soon joined the company and took over in 1983, creating &#8220;Cars Olivier&#8221;. At this time, the head office was moved to Verdelais, in the south of Gironde, and the business focused on school transport.<\/p>\n\t\t\t\t\t\t\t\t<\/div>\n\t\t\t\t<\/div>\n\t\t\t\t<\/div>\n\t\t\t\t\t<\/div>\n\t\t\t\t<\/div>\n\t\t<div class=\"elementor-element elementor-element-10c61f4 e-flex e-con-boxed e-con e-parent\" data-id=\"10c61f4\" data-element_type=\"container\" data-e-type=\"container\" data-settings=\"{&quot;background_background&quot;:&quot;classic&quot;}\">\n\t\t\t\t\t<div class=\"e-con-inner\">\n\t\t\t\t\t<\/div>\n\t\t\t\t<\/div>\n\t\t<div class=\"elementor-element elementor-element-4250874 e-flex e-con-boxed e-con e-parent\" data-id=\"4250874\" data-element_type=\"container\" data-e-type=\"container\">\n\t\t\t\t\t<div class=\"e-con-inner\">\n\t\t<div class=\"elementor-element elementor-element-437384e e-con-full e-flex e-con e-child\" data-id=\"437384e\" data-element_type=\"container\" data-e-type=\"container\">\n\t\t\t\t<div class=\"elementor-element elementor-element-04080a0 elementor-widget elementor-widget-heading\" data-id=\"04080a0\" data-element_type=\"widget\" data-e-type=\"widget\" data-widget_type=\"heading.default\">\n\t\t\t\t<div class=\"elementor-widget-container\">\n\t\t\t\t\t<h2 class=\"elementor-heading-title elementor-size-default\">A family legacy<\/h2>\t\t\t\t<\/div>\n\t\t\t\t<\/div>\n\t\t\t\t<div class=\"elementor-element elementor-element-8e007b9 elementor-widget elementor-widget-heading\" data-id=\"8e007b9\" data-element_type=\"widget\" data-e-type=\"widget\" data-widget_type=\"heading.default\">\n\t\t\t\t<div class=\"elementor-widget-container\">\n\t\t\t\t\t<p class=\"elementor-heading-title elementor-size-default\">Nicolas Olivier now at the head of the business\n<\/p>\t\t\t\t<\/div>\n\t\t\t\t<\/div>\n\t\t\t\t<div class=\"elementor-element elementor-element-7c60cbe elementor-widget elementor-widget-text-editor\" data-id=\"7c60cbe\" data-element_type=\"widget\" data-e-type=\"widget\" data-widget_type=\"text-editor.default\">\n\t\t\t\t<div class=\"elementor-widget-container\">\n\t\t\t\t\t\t\t\t\t<p>The company has been passed down through the generations, with Nicolas Olivier, representing the fourth generation, at the helm today, accompanied by his wife Aude Olivier. Each member of the family has made his or her own contribution, maintaining a corporate culture focused on quality, safety and customer satisfaction.<\/p>\n<p>Image: Nicolas Olivier back in 1994 at the warehouse!<\/p>\n\t\t\t\t\t\t\t\t<\/div>\n\t\t\t\t<\/div>\n\t\t\t\t<\/div>\n\t\t<div class=\"elementor-element elementor-element-07206de e-con-full e-flex e-con e-child\" data-id=\"07206de\" data-element_type=\"container\" data-e-type=\"container\">\n\t\t\t\t<div class=\"elementor-element elementor-element-78b5240 elementor-widget elementor-widget-image\" data-id=\"78b5240\" data-element_type=\"widget\" data-e-type=\"widget\" data-widget_type=\"image.default\">\n\t\t\t\t<div class=\"elementor-widget-container\">\n\t\t\t\t\t\t\t\t\t\t\t\t\t\t\t<img loading=\"lazy\" decoding=\"async\" width=\"650\" height=\"419\" src=\"https:\/\/cars-olivier.com\/wp-content\/uploads\/2024\/11\/famille.webp\" class=\"attachment-large size-large wp-image-1342\" alt=\"\" srcset=\"https:\/\/cars-olivier.com\/wp-content\/uploads\/2024\/11\/famille.webp 650w, https:\/\/cars-olivier.com\/wp-content\/uploads\/2024\/11\/famille-300x193.webp 300w\" sizes=\"(max-width: 650px) 100vw, 650px\" \/>\t\t\t\t\t\t\t\t\t\t\t\t\t\t\t<\/div>\n\t\t\t\t<\/div>\n\t\t\t\t<\/div>\n\t\t\t\t\t<\/div>\n\t\t\t\t<\/div>\n\t\t<div class=\"elementor-element elementor-element-5ca1ffc e-flex e-con-boxed e-con e-parent\" data-id=\"5ca1ffc\" data-element_type=\"container\" data-e-type=\"container\">\n\t\t\t\t\t<div class=\"e-con-inner\">\n\t\t<div class=\"elementor-element elementor-element-d3c7be2 e-con-full e-flex e-con e-child\" data-id=\"d3c7be2\" data-element_type=\"container\" data-e-type=\"container\">\n\t\t\t\t<div class=\"elementor-element elementor-element-0f29fd0 elementor-widget elementor-widget-image\" data-id=\"0f29fd0\" data-element_type=\"widget\" data-e-type=\"widget\" data-widget_type=\"image.default\">\n\t\t\t\t<div class=\"elementor-widget-container\">\n\t\t\t\t\t\t\t\t\t\t\t\t\t\t\t<img loading=\"lazy\" decoding=\"async\" width=\"650\" height=\"415\" src=\"https:\/\/cars-olivier.com\/wp-content\/uploads\/2024\/11\/DSC_6811.webp\" class=\"attachment-large size-large wp-image-1232\" alt=\"\" srcset=\"https:\/\/cars-olivier.com\/wp-content\/uploads\/2024\/11\/DSC_6811.webp 650w, https:\/\/cars-olivier.com\/wp-content\/uploads\/2024\/11\/DSC_6811-300x192.webp 300w\" sizes=\"(max-width: 650px) 100vw, 650px\" \/>\t\t\t\t\t\t\t\t\t\t\t\t\t\t\t<\/div>\n\t\t\t\t<\/div>\n\t\t\t\t<\/div>\n\t\t<div class=\"elementor-element elementor-element-a5b16af e-con-full e-flex e-con e-child\" data-id=\"a5b16af\" data-element_type=\"container\" data-e-type=\"container\">\n\t\t\t\t<div class=\"elementor-element elementor-element-ce5736c elementor-widget elementor-widget-heading\" data-id=\"ce5736c\" data-element_type=\"widget\" data-e-type=\"widget\" data-widget_type=\"heading.default\">\n\t\t\t\t<div class=\"elementor-widget-container\">\n\t\t\t\t\t<h2 class=\"elementor-heading-title elementor-size-default\">Expansion and modernization<\/h2>\t\t\t\t<\/div>\n\t\t\t\t<\/div>\n\t\t\t\t<div class=\"elementor-element elementor-element-7565c23 elementor-widget elementor-widget-heading\" data-id=\"7565c23\" data-element_type=\"widget\" data-e-type=\"widget\" data-widget_type=\"heading.default\">\n\t\t\t\t<div class=\"elementor-widget-container\">\n\t\t\t\t\t<p class=\"elementor-heading-title elementor-size-default\">in Saint-Macaire to develop business tourism\n<\/p>\t\t\t\t<\/div>\n\t\t\t\t<\/div>\n\t\t\t\t<div class=\"elementor-element elementor-element-fe1cd28 elementor-widget elementor-widget-text-editor\" data-id=\"fe1cd28\" data-element_type=\"widget\" data-e-type=\"widget\" data-widget_type=\"text-editor.default\">\n\t\t\t\t<div class=\"elementor-widget-container\">\n\t\t\t\t\t\t\t\t\t<p>In 2003, the company moved to larger premises in Saint-Macaire, with a capacity of 10 coaches. In 2007, a historic turning point came with a shift towards tourism, coinciding with the classification of Bordeaux as a UNESCO World Heritage Site. Nicolas Olivier then launched a new dynamic, focused on tourism and top-of-the-range service.<\/p>\n\t\t\t\t\t\t\t\t<\/div>\n\t\t\t\t<\/div>\n\t\t\t\t<\/div>\n\t\t\t\t\t<\/div>\n\t\t\t\t<\/div>\n\t\t<div class=\"elementor-element elementor-element-d6a3209 e-flex e-con-boxed e-con e-parent\" data-id=\"d6a3209\" data-element_type=\"container\" data-e-type=\"container\" data-settings=\"{&quot;background_background&quot;:&quot;classic&quot;}\">\n\t\t\t\t\t<div class=\"e-con-inner\">\n\t\t\t\t\t<\/div>\n\t\t\t\t<\/div>\n\t\t<div class=\"elementor-element elementor-element-41d35f9 e-flex e-con-boxed e-con e-parent\" data-id=\"41d35f9\" data-element_type=\"container\" data-e-type=\"container\">\n\t\t\t\t\t<div class=\"e-con-inner\">\n\t\t<div class=\"elementor-element elementor-element-0ceba22 e-con-full e-flex e-con e-child\" data-id=\"0ceba22\" data-element_type=\"container\" data-e-type=\"container\">\n\t\t\t\t<div class=\"elementor-element elementor-element-c353a11 elementor-widget elementor-widget-heading\" data-id=\"c353a11\" data-element_type=\"widget\" data-e-type=\"widget\" data-widget_type=\"heading.default\">\n\t\t\t\t<div class=\"elementor-widget-container\">\n\t\t\t\t\t<h2 class=\"elementor-heading-title elementor-size-default\">Committed to quality\nand safety<\/h2>\t\t\t\t<\/div>\n\t\t\t\t<\/div>\n\t\t\t\t<div class=\"elementor-element elementor-element-6a793b4 elementor-widget elementor-widget-heading\" data-id=\"6a793b4\" data-element_type=\"widget\" data-e-type=\"widget\" data-widget_type=\"heading.default\">\n\t\t\t\t<div class=\"elementor-widget-container\">\n\t\t\t\t\t<p class=\"elementor-heading-title elementor-size-default\">A secure fleet and a trained team!\n<\/p>\t\t\t\t<\/div>\n\t\t\t\t<\/div>\n\t\t\t\t<div class=\"elementor-element elementor-element-b707ba3 elementor-widget elementor-widget-text-editor\" data-id=\"b707ba3\" data-element_type=\"widget\" data-e-type=\"widget\" data-widget_type=\"text-editor.default\">\n\t\t\t\t<div class=\"elementor-widget-container\">\n\t\t\t\t\t\t\t\t\tAt the heart of our philosophy is an unwavering commitment to quality and safety. We have constantly invested in modernizing our fleet and training our teams, ensuring that every trip is made in the best possible conditions.\n\t\t\t\t\t\t\t\t<\/div>\n\t\t\t\t<\/div>\n\t\t\t\t<\/div>\n\t\t<div class=\"elementor-element elementor-element-9ffbca8 e-con-full e-flex e-con e-child\" data-id=\"9ffbca8\" data-element_type=\"container\" data-e-type=\"container\">\n\t\t\t\t<div class=\"elementor-element elementor-element-212f341 elementor-widget elementor-widget-image\" data-id=\"212f341\" data-element_type=\"widget\" data-e-type=\"widget\" data-widget_type=\"image.default\">\n\t\t\t\t<div class=\"elementor-widget-container\">\n\t\t\t\t\t\t\t\t\t\t\t\t\t\t\t<img loading=\"lazy\" decoding=\"async\" width=\"650\" height=\"395\" src=\"https:\/\/cars-olivier.com\/wp-content\/uploads\/2024\/11\/engagement.webp\" class=\"attachment-large size-large wp-image-1336\" alt=\"\" srcset=\"https:\/\/cars-olivier.com\/wp-content\/uploads\/2024\/11\/engagement.webp 650w, https:\/\/cars-olivier.com\/wp-content\/uploads\/2024\/11\/engagement-300x182.webp 300w\" sizes=\"(max-width: 650px) 100vw, 650px\" \/>\t\t\t\t\t\t\t\t\t\t\t\t\t\t\t<\/div>\n\t\t\t\t<\/div>\n\t\t\t\t<\/div>\n\t\t\t\t\t<\/div>\n\t\t\t\t<\/div>\n\t\t<div class=\"elementor-element elementor-element-b7534b9 e-flex e-con-boxed e-con e-parent\" data-id=\"b7534b9\" data-element_type=\"container\" data-e-type=\"container\">\n\t\t\t\t\t<div class=\"e-con-inner\">\n\t\t<div class=\"elementor-element elementor-element-7eaf112 e-con-full e-flex e-con e-child\" data-id=\"7eaf112\" data-element_type=\"container\" data-e-type=\"container\">\n\t\t\t\t<div class=\"elementor-element elementor-element-3a36a5e elementor-widget elementor-widget-image\" data-id=\"3a36a5e\" data-element_type=\"widget\" data-e-type=\"widget\" data-widget_type=\"image.default\">\n\t\t\t\t<div class=\"elementor-widget-container\">\n\t\t\t\t\t\t\t\t\t\t\t\t\t\t\t<img loading=\"lazy\" decoding=\"async\" width=\"650\" height=\"415\" src=\"https:\/\/cars-olivier.com\/wp-content\/uploads\/2024\/11\/DSC_6811.webp\" class=\"attachment-large size-large wp-image-1232\" alt=\"\" srcset=\"https:\/\/cars-olivier.com\/wp-content\/uploads\/2024\/11\/DSC_6811.webp 650w, https:\/\/cars-olivier.com\/wp-content\/uploads\/2024\/11\/DSC_6811-300x192.webp 300w\" sizes=\"(max-width: 650px) 100vw, 650px\" \/>\t\t\t\t\t\t\t\t\t\t\t\t\t\t\t<\/div>\n\t\t\t\t<\/div>\n\t\t\t\t<\/div>\n\t\t<div class=\"elementor-element elementor-element-3b649af e-con-full e-flex e-con e-child\" data-id=\"3b649af\" data-element_type=\"container\" data-e-type=\"container\">\n\t\t\t\t<div class=\"elementor-element elementor-element-66da14c elementor-widget elementor-widget-heading\" data-id=\"66da14c\" data-element_type=\"widget\" data-e-type=\"widget\" data-widget_type=\"heading.default\">\n\t\t\t\t<div class=\"elementor-widget-container\">\n\t\t\t\t\t<h2 class=\"elementor-heading-title elementor-size-default\">Innovative and sustainable services<\/h2>\t\t\t\t<\/div>\n\t\t\t\t<\/div>\n\t\t\t\t<div class=\"elementor-element elementor-element-2d8a38e elementor-widget elementor-widget-heading\" data-id=\"2d8a38e\" data-element_type=\"widget\" data-e-type=\"widget\" data-widget_type=\"heading.default\">\n\t\t\t\t<div class=\"elementor-widget-container\">\n\t\t\t\t\t<p class=\"elementor-heading-title elementor-size-default\">A varied and regularly updated fleet\n<\/p>\t\t\t\t<\/div>\n\t\t\t\t<\/div>\n\t\t\t\t<div class=\"elementor-element elementor-element-8de7223 elementor-widget elementor-widget-text-editor\" data-id=\"8de7223\" data-element_type=\"widget\" data-e-type=\"widget\" data-widget_type=\"text-editor.default\">\n\t\t\t\t<div class=\"elementor-widget-container\">\n\t\t\t\t\t\t\t\t\t<p>In 2016, Les Cars Olivier broadened its offer to include a vehicle rental service ranging from coaches and prestige sedans to minibuses and V-Class vans in VIP mode. As we celebrate our rich heritage, we look to the future with a sustainable vision, exploring new services focused on soft mobility.<\/p>\n\t\t\t\t\t\t\t\t<\/div>\n\t\t\t\t<\/div>\n\t\t\t\t<\/div>\n\t\t\t\t\t<\/div>\n\t\t\t\t<\/div>\n\t\t<div class=\"elementor-element elementor-element-6fbe21c e-flex e-con-boxed e-con e-parent\" data-id=\"6fbe21c\" data-element_type=\"container\" data-e-type=\"container\">\n\t\t\t\t\t<div class=\"e-con-inner\">\n\t\t\t\t<div class=\"elementor-element elementor-element-1edc978 elementor-widget elementor-widget-heading\" data-id=\"1edc978\" data-element_type=\"widget\" data-e-type=\"widget\" data-widget_type=\"heading.default\">\n\t\t\t\t<div class=\"elementor-widget-container\">\n\t\t\t\t\t<h2 class=\"elementor-heading-title elementor-size-default\">100 years of history!<\/h2>\t\t\t\t<\/div>\n\t\t\t\t<\/div>\n\t\t\t\t<div class=\"elementor-element elementor-element-f654400 elementor-widget__width-initial elementor-widget elementor-widget-text-editor\" data-id=\"f654400\" data-element_type=\"widget\" data-e-type=\"widget\" data-widget_type=\"text-editor.default\">\n\t\t\t\t<div class=\"elementor-widget-container\">\n\t\t\t\t\t\t\t\t\t<p>In 2025, the &#8220;Maison Olivier&#8221; celebrates its 100th anniversary! The Cars Olivier story is one of a passion for transport, a commitment to quality, and a willingness to adapt to customer needs. With over 100 years of experience, we are proud of our heritage and look forward to continuing to serve our customers with excellence in the years to come.<\/p>\n\t\t\t\t\t\t\t\t<\/div>\n\t\t\t\t<\/div>\n\t\t\t\t\t<\/div>\n\t\t\t\t<\/div>\n\t\t\t\t<\/div>\n\t\t","protected":false},"excerpt":{"rendered":"<p>A century of passion and know-how Since 1925, Cars Olivier has embodied the history of a family business that has evolved with the times while remaining true to its original values. From the first regular Mons\u00e9gur-Verdelais-Bordeaux service, to school transport and tourist trips, we have adapted to the needs of our customers through the ages. [&hellip;]<\/p>\n","protected":false},"author":1,"featured_media":0,"parent":0,"menu_order":0,"comment_status":"closed","ping_status":"closed","template":"","meta":{"footnotes":""},"class_list":["post-1548","page","type-page","status-publish","hentry"],"_links":{"self":[{"href":"https:\/\/cars-olivier.com\/en\/wp-json\/wp\/v2\/pages\/1548","targetHints":{"allow":["GET"]}}],"collection":[{"href":"https:\/\/cars-olivier.com\/en\/wp-json\/wp\/v2\/pages"}],"about":[{"href":"https:\/\/cars-olivier.com\/en\/wp-json\/wp\/v2\/types\/page"}],"author":[{"embeddable":true,"href":"https:\/\/cars-olivier.com\/en\/wp-json\/wp\/v2\/users\/1"}],"replies":[{"embeddable":true,"href":"https:\/\/cars-olivier.com\/en\/wp-json\/wp\/v2\/comments?post=1548"}],"version-history":[{"count":1,"href":"https:\/\/cars-olivier.com\/en\/wp-json\/wp\/v2\/pages\/1548\/revisions"}],"predecessor-version":[{"id":1550,"href":"https:\/\/cars-olivier.com\/en\/wp-json\/wp\/v2\/pages\/1548\/revisions\/1550"}],"wp:attachment":[{"href":"https:\/\/cars-olivier.com\/en\/wp-json\/wp\/v2\/media?parent=1548"}],"curies":[{"name":"wp","href":"https:\/\/api.w.org\/{rel}","templated":true}]}}