{"id":1549,"date":"2024-11-17T08:40:32","date_gmt":"2024-11-17T07:40:32","guid":{"rendered":"https:\/\/cars-olivier.com\/historia\/"},"modified":"2025-01-22T09:26:03","modified_gmt":"2025-01-22T08:26:03","slug":"historia","status":"publish","type":"page","link":"https:\/\/cars-olivier.com\/es\/historia\/","title":{"rendered":"Historia"},"content":{"rendered":"\t\t<div data-elementor-type=\"wp-page\" data-elementor-id=\"1549\" class=\"elementor elementor-1549 elementor-65\" data-elementor-post-type=\"page\">\n\t\t\t\t<div class=\"elementor-element elementor-element-3c5e1f4 e-flex e-con-boxed e-con e-parent\" data-id=\"3c5e1f4\" data-element_type=\"container\" data-e-type=\"container\">\n\t\t\t\t\t<div class=\"e-con-inner\">\n\t\t<div class=\"elementor-element elementor-element-24bfe70 e-flex e-con-boxed e-con e-child\" data-id=\"24bfe70\" data-element_type=\"container\" data-e-type=\"container\">\n\t\t\t\t\t<div class=\"e-con-inner\">\n\t\t\t\t<div class=\"elementor-element elementor-element-a676537 elementor-widget elementor-widget-image\" data-id=\"a676537\" data-element_type=\"widget\" data-e-type=\"widget\" data-widget_type=\"image.default\">\n\t\t\t\t<div class=\"elementor-widget-container\">\n\t\t\t\t\t\t\t\t\t\t\t\t\t\t\t<img fetchpriority=\"high\" decoding=\"async\" width=\"658\" height=\"454\" src=\"https:\/\/cars-olivier.com\/wp-content\/uploads\/2024\/11\/landing-page-gistoire.webp\" class=\"attachment-large size-large wp-image-1347\" alt=\"\" srcset=\"https:\/\/cars-olivier.com\/wp-content\/uploads\/2024\/11\/landing-page-gistoire.webp 658w, https:\/\/cars-olivier.com\/wp-content\/uploads\/2024\/11\/landing-page-gistoire-300x207.webp 300w\" sizes=\"(max-width: 658px) 100vw, 658px\" \/>\t\t\t\t\t\t\t\t\t\t\t\t\t\t\t<\/div>\n\t\t\t\t<\/div>\n\t\t\t\t\t<\/div>\n\t\t\t\t<\/div>\n\t\t<div class=\"elementor-element elementor-element-d57afca e-con-full e-flex e-con e-child\" data-id=\"d57afca\" data-element_type=\"container\" data-e-type=\"container\">\n\t\t\t\t<div class=\"elementor-element elementor-element-cf70ff7 elementor-widget elementor-widget-heading\" data-id=\"cf70ff7\" data-element_type=\"widget\" data-e-type=\"widget\" data-widget_type=\"heading.default\">\n\t\t\t\t<div class=\"elementor-widget-container\">\n\t\t\t\t\t<h1 class=\"elementor-heading-title elementor-size-default\">\nUn siglo de pasi\u00f3n y experiencia<\/h1>\t\t\t\t<\/div>\n\t\t\t\t<\/div>\n\t\t\t\t<div class=\"elementor-element elementor-element-f7d049d elementor-widget__width-initial elementor-widget elementor-widget-text-editor\" data-id=\"f7d049d\" data-element_type=\"widget\" data-e-type=\"widget\" data-widget_type=\"text-editor.default\">\n\t\t\t\t<div class=\"elementor-widget-container\">\n\t\t\t\t\t\t\t\t\t<p>Desde 1925, Les Cars Olivier encarnan la historia de una empresa familiar que ha evolucionado con los tiempos manteni\u00e9ndose fiel a sus valores originales. Desde el primer servicio regular Mons\u00e9gur-Verdelais-Burdeos, hasta el transporte escolar y los viajes tur\u00edsticos, nos hemos adaptado a las necesidades de nuestros clientes a trav\u00e9s de los tiempos. Descubre nuestra historia, marcada por la innovaci\u00f3n, el compromiso y el amor a nuestra profesi\u00f3n, que ha hecho de Cars Olivier un actor clave en el sector del transporte en Francia y en Europa.<\/p>\n\t\t\t\t\t\t\t\t<\/div>\n\t\t\t\t<\/div>\n\t\t\t\t<\/div>\n\t\t\t\t\t<\/div>\n\t\t\t\t<\/div>\n\t\t<div class=\"elementor-element elementor-element-7fadcb3 e-flex e-con-boxed e-con e-parent\" data-id=\"7fadcb3\" data-element_type=\"container\" data-e-type=\"container\">\n\t\t\t\t\t<div class=\"e-con-inner\">\n\t\t<div class=\"elementor-element elementor-element-65c7267 e-con-full e-flex e-con e-child\" data-id=\"65c7267\" data-element_type=\"container\" data-e-type=\"container\">\n\t\t\t\t<div class=\"elementor-element elementor-element-b7360b5 elementor-widget elementor-widget-heading\" data-id=\"b7360b5\" data-element_type=\"widget\" data-e-type=\"widget\" data-widget_type=\"heading.default\">\n\t\t\t\t<div class=\"elementor-widget-container\">\n\t\t\t\t\t<h2 class=\"elementor-heading-title elementor-size-default\">Una visi\u00f3n audaz<\/h2>\t\t\t\t<\/div>\n\t\t\t\t<\/div>\n\t\t\t\t<div class=\"elementor-element elementor-element-9d94269 elementor-widget elementor-widget-heading\" data-id=\"9d94269\" data-element_type=\"widget\" data-e-type=\"widget\" data-widget_type=\"heading.default\">\n\t\t\t\t<div class=\"elementor-widget-container\">\n\t\t\t\t\t<p class=\"elementor-heading-title elementor-size-default\">La creaci\u00f3n de Les Cars Olivier\n<\/p>\t\t\t\t<\/div>\n\t\t\t\t<\/div>\n\t\t\t\t<div class=\"elementor-element elementor-element-b45f593 elementor-widget elementor-widget-text-editor\" data-id=\"b45f593\" data-element_type=\"widget\" data-e-type=\"widget\" data-widget_type=\"text-editor.default\">\n\t\t\t\t<div class=\"elementor-widget-container\">\n\t\t\t\t\t\t\t\t\t<p>Fundada en 1925 por \u00c9mile Labayle, la empresa comenz\u00f3 su andadura como \u00abLes Autobus de Labayle\u00bb, con un servicio regular que un\u00eda Mons\u00e9gur, Verdelais y Burdeos. \u00c9mile, acompa\u00f1ado por su hija y su yerno Marc Olivier, se estableci\u00f3 como uno de los principales operadores de autocares de Burdeos. El punto de partida de esta l\u00ednea estaba en el coraz\u00f3n de la capital de Gironda, en la plaza de la Bolsa. Durante la Segunda Guerra Mundial, un autocar propulsado por gas prest\u00f3 el servicio, demostrando la resistencia de la empresa, \u00a1que sigue funcionando hoy en d\u00eda!<\/p>\n\t\t\t\t\t\t\t\t<\/div>\n\t\t\t\t<\/div>\n\t\t\t\t<\/div>\n\t\t<div class=\"elementor-element elementor-element-cf3499c e-con-full e-flex e-con e-child\" data-id=\"cf3499c\" data-element_type=\"container\" data-e-type=\"container\">\n\t\t\t\t<div class=\"elementor-element elementor-element-0eb6a0e elementor-widget elementor-widget-image\" data-id=\"0eb6a0e\" data-element_type=\"widget\" data-e-type=\"widget\" data-widget_type=\"image.default\">\n\t\t\t\t<div class=\"elementor-widget-container\">\n\t\t\t\t\t\t\t\t\t\t\t\t\t\t\t<img decoding=\"async\" width=\"650\" height=\"418\" src=\"https:\/\/cars-olivier.com\/wp-content\/uploads\/2024\/11\/audacieux.webp\" class=\"attachment-large size-large wp-image-1335\" alt=\"\" srcset=\"https:\/\/cars-olivier.com\/wp-content\/uploads\/2024\/11\/audacieux.webp 650w, https:\/\/cars-olivier.com\/wp-content\/uploads\/2024\/11\/audacieux-300x193.webp 300w\" sizes=\"(max-width: 650px) 100vw, 650px\" \/>\t\t\t\t\t\t\t\t\t\t\t\t\t\t\t<\/div>\n\t\t\t\t<\/div>\n\t\t\t\t<\/div>\n\t\t\t\t\t<\/div>\n\t\t\t\t<\/div>\n\t\t<div class=\"elementor-element elementor-element-b348414 e-flex e-con-boxed e-con e-parent\" data-id=\"b348414\" data-element_type=\"container\" data-e-type=\"container\">\n\t\t\t\t\t<div class=\"e-con-inner\">\n\t\t<div class=\"elementor-element elementor-element-cf9958f e-con-full e-flex e-con e-child\" data-id=\"cf9958f\" data-element_type=\"container\" data-e-type=\"container\">\n\t\t\t\t<div class=\"elementor-element elementor-element-ea2b407 elementor-widget elementor-widget-image\" data-id=\"ea2b407\" data-element_type=\"widget\" data-e-type=\"widget\" data-widget_type=\"image.default\">\n\t\t\t\t<div class=\"elementor-widget-container\">\n\t\t\t\t\t\t\t\t\t\t\t\t\t\t\t<img decoding=\"async\" width=\"650\" height=\"407\" src=\"https:\/\/cars-olivier.com\/wp-content\/uploads\/2024\/11\/evolution.webp\" class=\"attachment-large size-large wp-image-1339\" alt=\"\" srcset=\"https:\/\/cars-olivier.com\/wp-content\/uploads\/2024\/11\/evolution.webp 650w, https:\/\/cars-olivier.com\/wp-content\/uploads\/2024\/11\/evolution-300x188.webp 300w\" sizes=\"(max-width: 650px) 100vw, 650px\" \/>\t\t\t\t\t\t\t\t\t\t\t\t\t\t\t<\/div>\n\t\t\t\t<\/div>\n\t\t\t\t<\/div>\n\t\t<div class=\"elementor-element elementor-element-bbb8f9e e-con-full e-flex e-con e-child\" data-id=\"bbb8f9e\" data-element_type=\"container\" data-e-type=\"container\">\n\t\t\t\t<div class=\"elementor-element elementor-element-13cb9e3 elementor-widget elementor-widget-heading\" data-id=\"13cb9e3\" data-element_type=\"widget\" data-e-type=\"widget\" data-widget_type=\"heading.default\">\n\t\t\t\t<div class=\"elementor-widget-container\">\n\t\t\t\t\t<h2 class=\"elementor-heading-title elementor-size-default\">Evoluci\u00f3n y crecimiento<\/h2>\t\t\t\t<\/div>\n\t\t\t\t<\/div>\n\t\t\t\t<div class=\"elementor-element elementor-element-aa67780 elementor-widget elementor-widget-heading\" data-id=\"aa67780\" data-element_type=\"widget\" data-e-type=\"widget\" data-widget_type=\"heading.default\">\n\t\t\t\t<div class=\"elementor-widget-container\">\n\t\t\t\t\t<p class=\"elementor-heading-title elementor-size-default\">\u00a1Mudanza a Burdeos!\n<\/p>\t\t\t\t<\/div>\n\t\t\t\t<\/div>\n\t\t\t\t<div class=\"elementor-element elementor-element-1e2e8f4 elementor-widget elementor-widget-text-editor\" data-id=\"1e2e8f4\" data-element_type=\"widget\" data-e-type=\"widget\" data-widget_type=\"text-editor.default\">\n\t\t\t\t<div class=\"elementor-widget-container\">\n\t\t\t\t\t\t\t\t\t<p>En 1961, Marc Olivier se hizo cargo del negocio y lo rebautiz\u00f3 como \u00abGuyenne Autocars\u00bb, traslad\u00e1ndolo a Brujas, en las afueras de Burdeos. El negocio se diversific\u00f3, transportando empleados para plantas aeron\u00e1uticas como Dassault, Sogerma y Thal\u00e8s, al tiempo que desarrollaba el transporte escolar. El hijo de Marc, Jean-Luc, se uni\u00f3 pronto al negocio y tom\u00f3 el relevo en 1983, creando \u00abCars Olivier\u00bb. En esa \u00e9poca, la sede social se traslad\u00f3 a Verdelais, en el sur de Gironda, y la actividad se concentr\u00f3 en el transporte escolar.<\/p>\n\t\t\t\t\t\t\t\t<\/div>\n\t\t\t\t<\/div>\n\t\t\t\t<\/div>\n\t\t\t\t\t<\/div>\n\t\t\t\t<\/div>\n\t\t<div class=\"elementor-element elementor-element-10c61f4 e-flex e-con-boxed e-con e-parent\" data-id=\"10c61f4\" data-element_type=\"container\" data-e-type=\"container\" data-settings=\"{&quot;background_background&quot;:&quot;classic&quot;}\">\n\t\t\t\t\t<div class=\"e-con-inner\">\n\t\t\t\t\t<\/div>\n\t\t\t\t<\/div>\n\t\t<div class=\"elementor-element elementor-element-4250874 e-flex e-con-boxed e-con e-parent\" data-id=\"4250874\" data-element_type=\"container\" data-e-type=\"container\">\n\t\t\t\t\t<div class=\"e-con-inner\">\n\t\t<div class=\"elementor-element elementor-element-437384e e-con-full e-flex e-con e-child\" data-id=\"437384e\" data-element_type=\"container\" data-e-type=\"container\">\n\t\t\t\t<div class=\"elementor-element elementor-element-04080a0 elementor-widget elementor-widget-heading\" data-id=\"04080a0\" data-element_type=\"widget\" data-e-type=\"widget\" data-widget_type=\"heading.default\">\n\t\t\t\t<div class=\"elementor-widget-container\">\n\t\t\t\t\t<h2 class=\"elementor-heading-title elementor-size-default\">Una herencia familiar<\/h2>\t\t\t\t<\/div>\n\t\t\t\t<\/div>\n\t\t\t\t<div class=\"elementor-element elementor-element-8e007b9 elementor-widget elementor-widget-heading\" data-id=\"8e007b9\" data-element_type=\"widget\" data-e-type=\"widget\" data-widget_type=\"heading.default\">\n\t\t\t\t<div class=\"elementor-widget-container\">\n\t\t\t\t\t<p class=\"elementor-heading-title elementor-size-default\">Nicolas Olivier ahora al frente de la empresa\n<\/p>\t\t\t\t<\/div>\n\t\t\t\t<\/div>\n\t\t\t\t<div class=\"elementor-element elementor-element-7c60cbe elementor-widget elementor-widget-text-editor\" data-id=\"7c60cbe\" data-element_type=\"widget\" data-e-type=\"widget\" data-widget_type=\"text-editor.default\">\n\t\t\t\t<div class=\"elementor-widget-container\">\n\t\t\t\t\t\t\t\t\t<p>La empresa se ha transmitido de generaci\u00f3n en generaci\u00f3n, y en la actualidad Nicolas Olivier, representante de la cuarta generaci\u00f3n, lleva el tim\u00f3n, acompa\u00f1ado de su esposa Aude Olivier. Cada miembro de la familia ha aportado su contribuci\u00f3n, manteniendo una cultura empresarial centrada en la calidad, la seguridad y la satisfacci\u00f3n del cliente.<\/p>\n<p>Imagen: \u00a1Nicolas Olivier ya estaba en el almac\u00e9n en 1994!<\/p>\n\t\t\t\t\t\t\t\t<\/div>\n\t\t\t\t<\/div>\n\t\t\t\t<\/div>\n\t\t<div class=\"elementor-element elementor-element-07206de e-con-full e-flex e-con e-child\" data-id=\"07206de\" data-element_type=\"container\" data-e-type=\"container\">\n\t\t\t\t<div class=\"elementor-element elementor-element-78b5240 elementor-widget elementor-widget-image\" data-id=\"78b5240\" data-element_type=\"widget\" data-e-type=\"widget\" data-widget_type=\"image.default\">\n\t\t\t\t<div class=\"elementor-widget-container\">\n\t\t\t\t\t\t\t\t\t\t\t\t\t\t\t<img loading=\"lazy\" decoding=\"async\" width=\"650\" height=\"419\" src=\"https:\/\/cars-olivier.com\/wp-content\/uploads\/2024\/11\/famille.webp\" class=\"attachment-large size-large wp-image-1343\" alt=\"\" srcset=\"https:\/\/cars-olivier.com\/wp-content\/uploads\/2024\/11\/famille.webp 650w, https:\/\/cars-olivier.com\/wp-content\/uploads\/2024\/11\/famille-300x193.webp 300w\" sizes=\"(max-width: 650px) 100vw, 650px\" \/>\t\t\t\t\t\t\t\t\t\t\t\t\t\t\t<\/div>\n\t\t\t\t<\/div>\n\t\t\t\t<\/div>\n\t\t\t\t\t<\/div>\n\t\t\t\t<\/div>\n\t\t<div class=\"elementor-element elementor-element-5ca1ffc e-flex e-con-boxed e-con e-parent\" data-id=\"5ca1ffc\" data-element_type=\"container\" data-e-type=\"container\">\n\t\t\t\t\t<div class=\"e-con-inner\">\n\t\t<div class=\"elementor-element elementor-element-d3c7be2 e-con-full e-flex e-con e-child\" data-id=\"d3c7be2\" data-element_type=\"container\" data-e-type=\"container\">\n\t\t\t\t<div class=\"elementor-element elementor-element-0f29fd0 elementor-widget elementor-widget-image\" data-id=\"0f29fd0\" data-element_type=\"widget\" data-e-type=\"widget\" data-widget_type=\"image.default\">\n\t\t\t\t<div class=\"elementor-widget-container\">\n\t\t\t\t\t\t\t\t\t\t\t\t\t\t\t<img loading=\"lazy\" decoding=\"async\" width=\"650\" height=\"415\" src=\"https:\/\/cars-olivier.com\/wp-content\/uploads\/2024\/11\/DSC_6811.webp\" class=\"attachment-large size-large wp-image-1233\" alt=\"\" srcset=\"https:\/\/cars-olivier.com\/wp-content\/uploads\/2024\/11\/DSC_6811.webp 650w, https:\/\/cars-olivier.com\/wp-content\/uploads\/2024\/11\/DSC_6811-300x192.webp 300w\" sizes=\"(max-width: 650px) 100vw, 650px\" \/>\t\t\t\t\t\t\t\t\t\t\t\t\t\t\t<\/div>\n\t\t\t\t<\/div>\n\t\t\t\t<\/div>\n\t\t<div class=\"elementor-element elementor-element-a5b16af e-con-full e-flex e-con e-child\" data-id=\"a5b16af\" data-element_type=\"container\" data-e-type=\"container\">\n\t\t\t\t<div class=\"elementor-element elementor-element-ce5736c elementor-widget elementor-widget-heading\" data-id=\"ce5736c\" data-element_type=\"widget\" data-e-type=\"widget\" data-widget_type=\"heading.default\">\n\t\t\t\t<div class=\"elementor-widget-container\">\n\t\t\t\t\t<h2 class=\"elementor-heading-title elementor-size-default\">Expansi\u00f3n y modernizaci\u00f3n<\/h2>\t\t\t\t<\/div>\n\t\t\t\t<\/div>\n\t\t\t\t<div class=\"elementor-element elementor-element-7565c23 elementor-widget elementor-widget-heading\" data-id=\"7565c23\" data-element_type=\"widget\" data-e-type=\"widget\" data-widget_type=\"heading.default\">\n\t\t\t\t<div class=\"elementor-widget-container\">\n\t\t\t\t\t<p class=\"elementor-heading-title elementor-size-default\">en Saint-Macaire para desarrollar el turismo de negocios\n<\/p>\t\t\t\t<\/div>\n\t\t\t\t<\/div>\n\t\t\t\t<div class=\"elementor-element elementor-element-fe1cd28 elementor-widget elementor-widget-text-editor\" data-id=\"fe1cd28\" data-element_type=\"widget\" data-e-type=\"widget\" data-widget_type=\"text-editor.default\">\n\t\t\t\t<div class=\"elementor-widget-container\">\n\t\t\t\t\t\t\t\t\t<p>En 2003, la empresa se traslad\u00f3 a unas instalaciones m\u00e1s grandes en Saint-Macaire, con capacidad para 10 autocares. En 2007 se produjo un giro hist\u00f3rico con el cambio hacia el turismo, coincidiendo con la clasificaci\u00f3n de Burdeos como Patrimonio de la Humanidad por la UNESCO. Nicolas Olivier dio un nuevo impulso al negocio, centr\u00e1ndose en el turismo y el servicio de alta gama.<\/p>\n\t\t\t\t\t\t\t\t<\/div>\n\t\t\t\t<\/div>\n\t\t\t\t<\/div>\n\t\t\t\t\t<\/div>\n\t\t\t\t<\/div>\n\t\t<div class=\"elementor-element elementor-element-d6a3209 e-flex e-con-boxed e-con e-parent\" data-id=\"d6a3209\" data-element_type=\"container\" data-e-type=\"container\" data-settings=\"{&quot;background_background&quot;:&quot;classic&quot;}\">\n\t\t\t\t\t<div class=\"e-con-inner\">\n\t\t\t\t\t<\/div>\n\t\t\t\t<\/div>\n\t\t<div class=\"elementor-element elementor-element-41d35f9 e-flex e-con-boxed e-con e-parent\" data-id=\"41d35f9\" data-element_type=\"container\" data-e-type=\"container\">\n\t\t\t\t\t<div class=\"e-con-inner\">\n\t\t<div class=\"elementor-element elementor-element-0ceba22 e-con-full e-flex e-con e-child\" data-id=\"0ceba22\" data-element_type=\"container\" data-e-type=\"container\">\n\t\t\t\t<div class=\"elementor-element elementor-element-c353a11 elementor-widget elementor-widget-heading\" data-id=\"c353a11\" data-element_type=\"widget\" data-e-type=\"widget\" data-widget_type=\"heading.default\">\n\t\t\t\t<div class=\"elementor-widget-container\">\n\t\t\t\t\t<h2 class=\"elementor-heading-title elementor-size-default\">\nCompromiso con la calidad y la seguridad<\/h2>\t\t\t\t<\/div>\n\t\t\t\t<\/div>\n\t\t\t\t<div class=\"elementor-element elementor-element-6a793b4 elementor-widget elementor-widget-heading\" data-id=\"6a793b4\" data-element_type=\"widget\" data-e-type=\"widget\" data-widget_type=\"heading.default\">\n\t\t\t\t<div class=\"elementor-widget-container\">\n\t\t\t\t\t<p class=\"elementor-heading-title elementor-size-default\">Una flota segura y un equipo formado\n<\/p>\t\t\t\t<\/div>\n\t\t\t\t<\/div>\n\t\t\t\t<div class=\"elementor-element elementor-element-b707ba3 elementor-widget elementor-widget-text-editor\" data-id=\"b707ba3\" data-element_type=\"widget\" data-e-type=\"widget\" data-widget_type=\"text-editor.default\">\n\t\t\t\t<div class=\"elementor-widget-container\">\n\t\t\t\t\t\t\t\t\tEn el centro de nuestra filosof\u00eda hay un compromiso inquebrantable con la calidad y la seguridad. Hemos invertido constantemente en la modernizaci\u00f3n de nuestra flota y en la formaci\u00f3n de nuestros equipos, garantizando que cada viaje se realice en las mejores condiciones posibles.\n\t\t\t\t\t\t\t\t<\/div>\n\t\t\t\t<\/div>\n\t\t\t\t<\/div>\n\t\t<div class=\"elementor-element elementor-element-9ffbca8 e-con-full e-flex e-con e-child\" data-id=\"9ffbca8\" data-element_type=\"container\" data-e-type=\"container\">\n\t\t\t\t<div class=\"elementor-element elementor-element-212f341 elementor-widget elementor-widget-image\" data-id=\"212f341\" data-element_type=\"widget\" data-e-type=\"widget\" data-widget_type=\"image.default\">\n\t\t\t\t<div class=\"elementor-widget-container\">\n\t\t\t\t\t\t\t\t\t\t\t\t\t\t\t<img loading=\"lazy\" decoding=\"async\" width=\"650\" height=\"395\" src=\"https:\/\/cars-olivier.com\/wp-content\/uploads\/2024\/11\/engagement.webp\" class=\"attachment-large size-large wp-image-1337\" alt=\"\" srcset=\"https:\/\/cars-olivier.com\/wp-content\/uploads\/2024\/11\/engagement.webp 650w, https:\/\/cars-olivier.com\/wp-content\/uploads\/2024\/11\/engagement-300x182.webp 300w\" sizes=\"(max-width: 650px) 100vw, 650px\" \/>\t\t\t\t\t\t\t\t\t\t\t\t\t\t\t<\/div>\n\t\t\t\t<\/div>\n\t\t\t\t<\/div>\n\t\t\t\t\t<\/div>\n\t\t\t\t<\/div>\n\t\t<div class=\"elementor-element elementor-element-b7534b9 e-flex e-con-boxed e-con e-parent\" data-id=\"b7534b9\" data-element_type=\"container\" data-e-type=\"container\">\n\t\t\t\t\t<div class=\"e-con-inner\">\n\t\t<div class=\"elementor-element elementor-element-7eaf112 e-con-full e-flex e-con e-child\" data-id=\"7eaf112\" data-element_type=\"container\" data-e-type=\"container\">\n\t\t\t\t<div class=\"elementor-element elementor-element-3a36a5e elementor-widget elementor-widget-image\" data-id=\"3a36a5e\" data-element_type=\"widget\" data-e-type=\"widget\" data-widget_type=\"image.default\">\n\t\t\t\t<div class=\"elementor-widget-container\">\n\t\t\t\t\t\t\t\t\t\t\t\t\t\t\t<img loading=\"lazy\" decoding=\"async\" width=\"650\" height=\"415\" src=\"https:\/\/cars-olivier.com\/wp-content\/uploads\/2024\/11\/DSC_6811.webp\" class=\"attachment-large size-large wp-image-1233\" alt=\"\" srcset=\"https:\/\/cars-olivier.com\/wp-content\/uploads\/2024\/11\/DSC_6811.webp 650w, https:\/\/cars-olivier.com\/wp-content\/uploads\/2024\/11\/DSC_6811-300x192.webp 300w\" sizes=\"(max-width: 650px) 100vw, 650px\" \/>\t\t\t\t\t\t\t\t\t\t\t\t\t\t\t<\/div>\n\t\t\t\t<\/div>\n\t\t\t\t<\/div>\n\t\t<div class=\"elementor-element elementor-element-3b649af e-con-full e-flex e-con e-child\" data-id=\"3b649af\" data-element_type=\"container\" data-e-type=\"container\">\n\t\t\t\t<div class=\"elementor-element elementor-element-66da14c elementor-widget elementor-widget-heading\" data-id=\"66da14c\" data-element_type=\"widget\" data-e-type=\"widget\" data-widget_type=\"heading.default\">\n\t\t\t\t<div class=\"elementor-widget-container\">\n\t\t\t\t\t<h2 class=\"elementor-heading-title elementor-size-default\">Servicios innovadores y sostenibles<\/h2>\t\t\t\t<\/div>\n\t\t\t\t<\/div>\n\t\t\t\t<div class=\"elementor-element elementor-element-2d8a38e elementor-widget elementor-widget-heading\" data-id=\"2d8a38e\" data-element_type=\"widget\" data-e-type=\"widget\" data-widget_type=\"heading.default\">\n\t\t\t\t<div class=\"elementor-widget-container\">\n\t\t\t\t\t<p class=\"elementor-heading-title elementor-size-default\">Una flota variada y actualizada regularmente\n<\/p>\t\t\t\t<\/div>\n\t\t\t\t<\/div>\n\t\t\t\t<div class=\"elementor-element elementor-element-8de7223 elementor-widget elementor-widget-text-editor\" data-id=\"8de7223\" data-element_type=\"widget\" data-e-type=\"widget\" data-widget_type=\"text-editor.default\">\n\t\t\t\t<div class=\"elementor-widget-container\">\n\t\t\t\t\t\t\t\t\t<p>En 2016, Les Cars Olivier ampli\u00f3 su gama de servicios para incluir el alquiler de veh\u00edculos, desde autocares y berlinas de prestigio hasta minibuses y furgonetas Clase V en modo VIP. Mientras celebramos nuestro rico patrimonio, miramos al futuro con una visi\u00f3n sostenible, explorando nuevos servicios basados en la movilidad suave.<\/p>\n\t\t\t\t\t\t\t\t<\/div>\n\t\t\t\t<\/div>\n\t\t\t\t<\/div>\n\t\t\t\t\t<\/div>\n\t\t\t\t<\/div>\n\t\t<div class=\"elementor-element elementor-element-6fbe21c e-flex e-con-boxed e-con e-parent\" data-id=\"6fbe21c\" data-element_type=\"container\" data-e-type=\"container\">\n\t\t\t\t\t<div class=\"e-con-inner\">\n\t\t\t\t<div class=\"elementor-element elementor-element-1edc978 elementor-widget elementor-widget-heading\" data-id=\"1edc978\" data-element_type=\"widget\" data-e-type=\"widget\" data-widget_type=\"heading.default\">\n\t\t\t\t<div class=\"elementor-widget-container\">\n\t\t\t\t\t<h2 class=\"elementor-heading-title elementor-size-default\">100 a\u00f1os de historia<\/h2>\t\t\t\t<\/div>\n\t\t\t\t<\/div>\n\t\t\t\t<div class=\"elementor-element elementor-element-f654400 elementor-widget__width-initial elementor-widget elementor-widget-text-editor\" data-id=\"f654400\" data-element_type=\"widget\" data-e-type=\"widget\" data-widget_type=\"text-editor.default\">\n\t\t\t\t<div class=\"elementor-widget-container\">\n\t\t\t\t\t\t\t\t\t<p>En 2025, \u00a1la \u00abMaison Olivier\u00bb celebra su centenario! La historia de Cars Olivier es la de una pasi\u00f3n por el transporte, un compromiso con la calidad y un deseo de adaptarse a las necesidades de los clientes. Con m\u00e1s de 100 a\u00f1os de experiencia, estamos orgullosos de nuestra herencia y esperamos seguir sirviendo a nuestros clientes con excelencia en los a\u00f1os venideros.<\/p>\n\t\t\t\t\t\t\t\t<\/div>\n\t\t\t\t<\/div>\n\t\t\t\t\t<\/div>\n\t\t\t\t<\/div>\n\t\t\t\t<\/div>\n\t\t","protected":false},"excerpt":{"rendered":"<p>Un siglo de pasi\u00f3n y experiencia Desde 1925, Les Cars Olivier encarnan la historia de una empresa familiar que ha evolucionado con los tiempos manteni\u00e9ndose fiel a sus valores originales. Desde el primer servicio regular Mons\u00e9gur-Verdelais-Burdeos, hasta el transporte escolar y los viajes tur\u00edsticos, nos hemos adaptado a las necesidades de nuestros clientes a trav\u00e9s [&hellip;]<\/p>\n","protected":false},"author":1,"featured_media":0,"parent":0,"menu_order":0,"comment_status":"closed","ping_status":"closed","template":"","meta":{"footnotes":""},"class_list":["post-1549","page","type-page","status-publish","hentry"],"_links":{"self":[{"href":"https:\/\/cars-olivier.com\/es\/wp-json\/wp\/v2\/pages\/1549","targetHints":{"allow":["GET"]}}],"collection":[{"href":"https:\/\/cars-olivier.com\/es\/wp-json\/wp\/v2\/pages"}],"about":[{"href":"https:\/\/cars-olivier.com\/es\/wp-json\/wp\/v2\/types\/page"}],"author":[{"embeddable":true,"href":"https:\/\/cars-olivier.com\/es\/wp-json\/wp\/v2\/users\/1"}],"replies":[{"embeddable":true,"href":"https:\/\/cars-olivier.com\/es\/wp-json\/wp\/v2\/comments?post=1549"}],"version-history":[{"count":1,"href":"https:\/\/cars-olivier.com\/es\/wp-json\/wp\/v2\/pages\/1549\/revisions"}],"predecessor-version":[{"id":1551,"href":"https:\/\/cars-olivier.com\/es\/wp-json\/wp\/v2\/pages\/1549\/revisions\/1551"}],"wp:attachment":[{"href":"https:\/\/cars-olivier.com\/es\/wp-json\/wp\/v2\/media?parent=1549"}],"curies":[{"name":"wp","href":"https:\/\/api.w.org\/{rel}","templated":true}]}}