{"id":1639,"date":"2024-11-25T21:10:01","date_gmt":"2024-11-25T20:10:01","guid":{"rendered":"https:\/\/cars-olivier.com\/condiciones-de-venta\/"},"modified":"2025-01-22T11:19:38","modified_gmt":"2025-01-22T10:19:38","slug":"condiciones-de-venta","status":"publish","type":"page","link":"https:\/\/cars-olivier.com\/es\/condiciones-de-venta\/","title":{"rendered":"Condiciones de venta"},"content":{"rendered":"\t\t<div data-elementor-type=\"wp-page\" data-elementor-id=\"1639\" class=\"elementor elementor-1639 elementor-340\" data-elementor-post-type=\"page\">\n\t\t\t\t<div class=\"elementor-element elementor-element-9d6a1c5 e-flex e-con-boxed e-con e-parent\" data-id=\"9d6a1c5\" data-element_type=\"container\" data-e-type=\"container\">\n\t\t\t\t\t<div class=\"e-con-inner\">\n\t\t\t\t<div class=\"elementor-element elementor-element-2e338fe elementor-widget elementor-widget-heading\" data-id=\"2e338fe\" data-element_type=\"widget\" data-e-type=\"widget\" data-widget_type=\"heading.default\">\n\t\t\t\t<div class=\"elementor-widget-container\">\n\t\t\t\t\t<h1 class=\"elementor-heading-title elementor-size-default\">Condiciones generales de venta<\/h1>\t\t\t\t<\/div>\n\t\t\t\t<\/div>\n\t\t\t\t\t<\/div>\n\t\t\t\t<\/div>\n\t\t<div class=\"elementor-element elementor-element-21dbee8 e-flex e-con-boxed e-con e-parent\" data-id=\"21dbee8\" data-element_type=\"container\" data-e-type=\"container\">\n\t\t\t\t\t<div class=\"e-con-inner\">\n\t\t\t\t<div class=\"elementor-element elementor-element-65b77e6 elementor-widget-divider--view-line elementor-widget elementor-widget-divider\" data-id=\"65b77e6\" data-element_type=\"widget\" data-e-type=\"widget\" data-widget_type=\"divider.default\">\n\t\t\t\t<div class=\"elementor-widget-container\">\n\t\t\t\t\t\t\t<div class=\"elementor-divider\">\n\t\t\t<span class=\"elementor-divider-separator\">\n\t\t\t\t\t\t<\/span>\n\t\t<\/div>\n\t\t\t\t\t\t<\/div>\n\t\t\t\t<\/div>\n\t\t\t\t<div class=\"elementor-element elementor-element-1396f7c elementor-widget elementor-widget-heading\" data-id=\"1396f7c\" data-element_type=\"widget\" data-e-type=\"widget\" data-widget_type=\"heading.default\">\n\t\t\t\t<div class=\"elementor-widget-container\">\n\t\t\t\t\t<h2 class=\"elementor-heading-title elementor-size-default\">1. Pol\u00edtica de cancelaci\u00f3n<\/h2>\t\t\t\t<\/div>\n\t\t\t\t<\/div>\n\t\t\t\t<div class=\"elementor-element elementor-element-1312cb4 elementor-widget elementor-widget-text-editor\" data-id=\"1312cb4\" data-element_type=\"widget\" data-e-type=\"widget\" data-widget_type=\"text-editor.default\">\n\t\t\t\t<div class=\"elementor-widget-container\">\n\t\t\t\t\t\t\t\t\t<p>&#8211; Entre 20 y 7 d\u00edas antes de la salida: 30% de gastos de cancelaci\u00f3n.<br \/>&#8211; Entre 7 y 2 d\u00edas antes de la salida: 50% de gastos de cancelaci\u00f3n.<br \/>&#8211; El d\u00eda anterior o el mismo d\u00eda: 100% de gastos de cancelaci\u00f3n.<\/p>\n\t\t\t\t\t\t\t\t<\/div>\n\t\t\t\t<\/div>\n\t\t\t\t<div class=\"elementor-element elementor-element-88d7a1d elementor-widget elementor-widget-heading\" data-id=\"88d7a1d\" data-element_type=\"widget\" data-e-type=\"widget\" data-widget_type=\"heading.default\">\n\t\t\t\t<div class=\"elementor-widget-container\">\n\t\t\t\t\t<h2 class=\"elementor-heading-title elementor-size-default\">2. Tiempos de conducci\u00f3n y periodos de descanso de los conductores<\/h2>\t\t\t\t<\/div>\n\t\t\t\t<\/div>\n\t\t\t\t<div class=\"elementor-element elementor-element-4b387fb elementor-widget elementor-widget-heading\" data-id=\"4b387fb\" data-element_type=\"widget\" data-e-type=\"widget\" data-widget_type=\"heading.default\">\n\t\t\t\t<div class=\"elementor-widget-container\">\n\t\t\t\t\t<h3 class=\"elementor-heading-title elementor-size-default\">Tiempo diario de conducci\u00f3n  <\/h3>\t\t\t\t<\/div>\n\t\t\t\t<\/div>\n\t\t\t\t<div class=\"elementor-element elementor-element-fdbf37f elementor-widget elementor-widget-text-editor\" data-id=\"fdbf37f\" data-element_type=\"widget\" data-e-type=\"widget\" data-widget_type=\"text-editor.default\">\n\t\t\t\t<div class=\"elementor-widget-container\">\n\t\t\t\t\t\t\t\t\t<p>Un conductor puede conducir hasta 9 horas al d\u00eda, ampliadas a un m\u00e1ximo de 10 horas, dos veces por semana. Entre las 9 de la noche y las 6 de la ma\u00f1ana, el tiempo de conducci\u00f3n continua est\u00e1 limitado a 4 horas.<\/p>\n\t\t\t\t\t\t\t\t<\/div>\n\t\t\t\t<\/div>\n\t\t\t\t<div class=\"elementor-element elementor-element-2548f36 elementor-widget elementor-widget-heading\" data-id=\"2548f36\" data-element_type=\"widget\" data-e-type=\"widget\" data-widget_type=\"heading.default\">\n\t\t\t\t<div class=\"elementor-widget-container\">\n\t\t\t\t\t<h3 class=\"elementor-heading-title elementor-size-default\">Tiempo de conducci\u00f3n continua  <\/h3>\t\t\t\t<\/div>\n\t\t\t\t<\/div>\n\t\t\t\t<div class=\"elementor-element elementor-element-e160875 elementor-widget elementor-widget-text-editor\" data-id=\"e160875\" data-element_type=\"widget\" data-e-type=\"widget\" data-widget_type=\"text-editor.default\">\n\t\t\t\t<div class=\"elementor-widget-container\">\n\t\t\t\t\t\t\t\t\t<p>Un conductor puede conducir ininterrumpidamente durante 4 horas y 30 minutos, seguidas de una pausa obligatoria de al menos 45 minutos. Alternativamente, puede tomarse una pausa de 15 minutos, seguida de una pausa de al menos 30 minutos durante esas 4 horas y 30 minutos.<\/p>\n\t\t\t\t\t\t\t\t<\/div>\n\t\t\t\t<\/div>\n\t\t\t\t<div class=\"elementor-element elementor-element-1213967 elementor-widget elementor-widget-heading\" data-id=\"1213967\" data-element_type=\"widget\" data-e-type=\"widget\" data-widget_type=\"heading.default\">\n\t\t\t\t<div class=\"elementor-widget-container\">\n\t\t\t\t\t<h3 class=\"elementor-heading-title elementor-size-default\">Descanso diario<\/h3>\t\t\t\t<\/div>\n\t\t\t\t<\/div>\n\t\t\t\t<div class=\"elementor-element elementor-element-cfcf08c elementor-widget elementor-widget-text-editor\" data-id=\"cfcf08c\" data-element_type=\"widget\" data-e-type=\"widget\" data-widget_type=\"text-editor.default\">\n\t\t\t\t<div class=\"elementor-widget-container\">\n\t\t\t\t\t\t\t\t\t<p>El descanso diario se fija en un m\u00ednimo de 11 horas, que pueden reducirse a 9 horas tres veces por semana.<\/p>\n\t\t\t\t\t\t\t\t<\/div>\n\t\t\t\t<\/div>\n\t\t\t\t<div class=\"elementor-element elementor-element-13635ea elementor-widget elementor-widget-heading\" data-id=\"13635ea\" data-element_type=\"widget\" data-e-type=\"widget\" data-widget_type=\"heading.default\">\n\t\t\t\t<div class=\"elementor-widget-container\">\n\t\t\t\t\t<h3 class=\"elementor-heading-title elementor-size-default\">Descanso semanal  <\/h3>\t\t\t\t<\/div>\n\t\t\t\t<\/div>\n\t\t\t\t<div class=\"elementor-element elementor-element-5248b6e elementor-widget elementor-widget-text-editor\" data-id=\"5248b6e\" data-element_type=\"widget\" data-e-type=\"widget\" data-widget_type=\"text-editor.default\">\n\t\t\t\t<div class=\"elementor-widget-container\">\n\t\t\t\t\t\t\t\t\t<p>Un conductor no puede conducir m\u00e1s de 6 d\u00edas consecutivos.<br \/>El descanso del 7\u00ba d\u00eda es obligatorio. Excepci\u00f3n: en los pa\u00edses de la Uni\u00f3n Europea (excepto Francia), la conducci\u00f3n puede prolongarse hasta 12 d\u00edas consecutivos. <\/p>\n\t\t\t\t\t\t\t\t<\/div>\n\t\t\t\t<\/div>\n\t\t\t\t<div class=\"elementor-element elementor-element-932fa2a elementor-widget elementor-widget-heading\" data-id=\"932fa2a\" data-element_type=\"widget\" data-e-type=\"widget\" data-widget_type=\"heading.default\">\n\t\t\t\t<div class=\"elementor-widget-container\">\n\t\t\t\t\t<h2 class=\"elementor-heading-title elementor-size-default\">3. Regulaci\u00f3n de la jornada laboral<\/h2>\t\t\t\t<\/div>\n\t\t\t\t<\/div>\n\t\t\t\t<div class=\"elementor-element elementor-element-f483df3 elementor-widget elementor-widget-text-editor\" data-id=\"f483df3\" data-element_type=\"widget\" data-e-type=\"widget\" data-widget_type=\"text-editor.default\">\n\t\t\t\t<div class=\"elementor-widget-container\">\n\t\t\t\t\t\t\t\t\t<p>La autonom\u00eda m\u00e1xima (tiempo entre el inicio y el final del turno) es: &#8211; 14 horas para un solo conductor. &#8211; 18 horas para una tripulaci\u00f3n (dos conductores).<\/p>\n<p>La amplitud se interrumpe si el conductor tiene una pausa de descanso de al menos 9 horas.<\/p>\n\t\t\t\t\t\t\t\t<\/div>\n\t\t\t\t<\/div>\n\t\t\t\t<div class=\"elementor-element elementor-element-e74f24b elementor-widget elementor-widget-heading\" data-id=\"e74f24b\" data-element_type=\"widget\" data-e-type=\"widget\" data-widget_type=\"heading.default\">\n\t\t\t\t<div class=\"elementor-widget-container\">\n\t\t\t\t\t<h2 class=\"elementor-heading-title elementor-size-default\">4. Gesti\u00f3n de larga estancia<\/h2>\t\t\t\t<\/div>\n\t\t\t\t<\/div>\n\t\t\t\t<div class=\"elementor-element elementor-element-2d7c1a7 elementor-widget elementor-widget-text-editor\" data-id=\"2d7c1a7\" data-element_type=\"widget\" data-e-type=\"widget\" data-widget_type=\"text-editor.default\">\n\t\t\t\t<div class=\"elementor-widget-container\">\n\t\t\t\t\t\t\t\t\t<p>Para cualquier estancia de larga duraci\u00f3n: &#8211; Se subcontratar\u00e1 un d\u00eda a un operador local de autocares para cumplir la normativa. &#8211; Alternativamente, el grupo tendr\u00e1 que planificar un d\u00eda sin utilizar el autocar.<\/p>\n\t\t\t\t\t\t\t\t<\/div>\n\t\t\t\t<\/div>\n\t\t\t\t\t<\/div>\n\t\t\t\t<\/div>\n\t\t\t\t<\/div>\n\t\t","protected":false},"excerpt":{"rendered":"<p>Condiciones generales de venta 1. Pol\u00edtica de cancelaci\u00f3n &#8211; Entre 20 y 7 d\u00edas antes de la salida: 30% de gastos de cancelaci\u00f3n.&#8211; Entre 7 y 2 d\u00edas antes de la salida: 50% de gastos de cancelaci\u00f3n.&#8211; El d\u00eda anterior o el mismo d\u00eda: 100% de gastos de cancelaci\u00f3n. 2. Tiempos de conducci\u00f3n y periodos [&hellip;]<\/p>\n","protected":false},"author":1,"featured_media":0,"parent":0,"menu_order":0,"comment_status":"closed","ping_status":"closed","template":"","meta":{"footnotes":""},"class_list":["post-1639","page","type-page","status-publish","hentry"],"_links":{"self":[{"href":"https:\/\/cars-olivier.com\/es\/wp-json\/wp\/v2\/pages\/1639","targetHints":{"allow":["GET"]}}],"collection":[{"href":"https:\/\/cars-olivier.com\/es\/wp-json\/wp\/v2\/pages"}],"about":[{"href":"https:\/\/cars-olivier.com\/es\/wp-json\/wp\/v2\/types\/page"}],"author":[{"embeddable":true,"href":"https:\/\/cars-olivier.com\/es\/wp-json\/wp\/v2\/users\/1"}],"replies":[{"embeddable":true,"href":"https:\/\/cars-olivier.com\/es\/wp-json\/wp\/v2\/comments?post=1639"}],"version-history":[{"count":1,"href":"https:\/\/cars-olivier.com\/es\/wp-json\/wp\/v2\/pages\/1639\/revisions"}],"predecessor-version":[{"id":1641,"href":"https:\/\/cars-olivier.com\/es\/wp-json\/wp\/v2\/pages\/1639\/revisions\/1641"}],"wp:attachment":[{"href":"https:\/\/cars-olivier.com\/es\/wp-json\/wp\/v2\/media?parent=1639"}],"curies":[{"name":"wp","href":"https:\/\/api.w.org\/{rel}","templated":true}]}}